{"id":25197,"date":"2023-03-30T22:46:00","date_gmt":"2023-03-30T20:46:00","guid":{"rendered":"https:\/\/bokhari.no\/bokhari-dialect\/"},"modified":"2025-05-14T11:46:20","modified_gmt":"2025-05-14T09:46:20","slug":"dialect","status":"publish","type":"page","link":"https:\/\/bokhari.no\/en\/dialect\/","title":{"rendered":"Bokhari Dialect"},"content":{"rendered":"","protected":false},"excerpt":{"rendered":"","protected":false},"author":6,"featured_media":16602,"parent":0,"menu_order":25,"comment_status":"closed","ping_status":"closed","template":"","meta":{"_acf_changed":false,"footnotes":""},"class_list":["post-25197","page","type-page","status-publish","has-post-thumbnail","hentry"],"acf":[],"yoast_head":"<!-- This site is optimized with the Yoast SEO plugin v27.3 - https:\/\/yoast.com\/product\/yoast-seo-wordpress\/ -->\n<title>Bokhari Dialect - Bokhari<\/title>\n<meta name=\"robots\" content=\"index, follow, max-snippet:-1, max-image-preview:large, max-video-preview:-1\" \/>\n<link rel=\"canonical\" href=\"https:\/\/bokhari.no\/en\/dialect\/\" \/>\n<meta property=\"og:locale\" content=\"en_US\" \/>\n<meta property=\"og:type\" content=\"article\" \/>\n<meta property=\"og:title\" content=\"Bokhari Dialect - Bokhari\" \/>\n<meta property=\"og:url\" content=\"https:\/\/bokhari.no\/en\/dialect\/\" \/>\n<meta property=\"og:site_name\" content=\"Bokhari\" \/>\n<meta property=\"article:modified_time\" content=\"2025-05-14T09:46:20+00:00\" \/>\n<meta property=\"og:image\" content=\"https:\/\/bokhari.no\/wp-content\/uploads\/Multi3-1-scaled.jpg\" \/>\n\t<meta property=\"og:image:width\" content=\"1990\" \/>\n\t<meta property=\"og:image:height\" content=\"2048\" \/>\n\t<meta property=\"og:image:type\" content=\"image\/jpeg\" \/>\n<meta name=\"twitter:card\" content=\"summary_large_image\" \/>\n<script type=\"application\/ld+json\" class=\"yoast-schema-graph\">{\"@context\":\"https:\\\/\\\/schema.org\",\"@graph\":[{\"@type\":\"WebPage\",\"@id\":\"https:\\\/\\\/bokhari.no\\\/en\\\/dialect\\\/\",\"url\":\"https:\\\/\\\/bokhari.no\\\/en\\\/dialect\\\/\",\"name\":\"Bokhari Dialect - Bokhari\",\"isPartOf\":{\"@id\":\"https:\\\/\\\/bokhari.no\\\/#website\"},\"primaryImageOfPage\":{\"@id\":\"https:\\\/\\\/bokhari.no\\\/en\\\/dialect\\\/#primaryimage\"},\"image\":{\"@id\":\"https:\\\/\\\/bokhari.no\\\/en\\\/dialect\\\/#primaryimage\"},\"thumbnailUrl\":\"https:\\\/\\\/bokhari.no\\\/wp-content\\\/uploads\\\/Multi3-1-scaled.jpg\",\"datePublished\":\"2023-03-30T20:46:00+00:00\",\"dateModified\":\"2025-05-14T09:46:20+00:00\",\"breadcrumb\":{\"@id\":\"https:\\\/\\\/bokhari.no\\\/en\\\/dialect\\\/#breadcrumb\"},\"inLanguage\":\"en-US\",\"potentialAction\":[{\"@type\":\"ReadAction\",\"target\":[\"https:\\\/\\\/bokhari.no\\\/en\\\/dialect\\\/\"]}]},{\"@type\":\"ImageObject\",\"inLanguage\":\"en-US\",\"@id\":\"https:\\\/\\\/bokhari.no\\\/en\\\/dialect\\\/#primaryimage\",\"url\":\"https:\\\/\\\/bokhari.no\\\/wp-content\\\/uploads\\\/Multi3-1-scaled.jpg\",\"contentUrl\":\"https:\\\/\\\/bokhari.no\\\/wp-content\\\/uploads\\\/Multi3-1-scaled.jpg\",\"width\":1990,\"height\":2048,\"caption\":\"Hvor - \u00e5\u00e5\u00e5\u00e5mmddHvorfor - om saken eller bildet. Hvem - alle fra venstre.\"},{\"@type\":\"BreadcrumbList\",\"@id\":\"https:\\\/\\\/bokhari.no\\\/en\\\/dialect\\\/#breadcrumb\",\"itemListElement\":[{\"@type\":\"ListItem\",\"position\":1,\"name\":\"Hjem\",\"item\":\"https:\\\/\\\/bokhari.no\\\/en\\\/\"},{\"@type\":\"ListItem\",\"position\":2,\"name\":\"Bokhari Dialect\"}]},{\"@type\":\"WebSite\",\"@id\":\"https:\\\/\\\/bokhari.no\\\/#website\",\"url\":\"https:\\\/\\\/bokhari.no\\\/\",\"name\":\"Bokhari\",\"description\":\"\",\"potentialAction\":[{\"@type\":\"SearchAction\",\"target\":{\"@type\":\"EntryPoint\",\"urlTemplate\":\"https:\\\/\\\/bokhari.no\\\/?s={search_term_string}\"},\"query-input\":{\"@type\":\"PropertyValueSpecification\",\"valueRequired\":true,\"valueName\":\"search_term_string\"}}],\"inLanguage\":\"en-US\"}]}<\/script>\n<!-- \/ Yoast SEO plugin. -->","yoast_head_json":{"title":"Bokhari Dialect - Bokhari","robots":{"index":"index","follow":"follow","max-snippet":"max-snippet:-1","max-image-preview":"max-image-preview:large","max-video-preview":"max-video-preview:-1"},"canonical":"https:\/\/bokhari.no\/en\/dialect\/","og_locale":"en_US","og_type":"article","og_title":"Bokhari Dialect - Bokhari","og_url":"https:\/\/bokhari.no\/en\/dialect\/","og_site_name":"Bokhari","article_modified_time":"2025-05-14T09:46:20+00:00","og_image":[{"width":1990,"height":2048,"url":"https:\/\/bokhari.no\/wp-content\/uploads\/Multi3-1-scaled.jpg","type":"image\/jpeg"}],"twitter_card":"summary_large_image","schema":{"@context":"https:\/\/schema.org","@graph":[{"@type":"WebPage","@id":"https:\/\/bokhari.no\/en\/dialect\/","url":"https:\/\/bokhari.no\/en\/dialect\/","name":"Bokhari Dialect - Bokhari","isPartOf":{"@id":"https:\/\/bokhari.no\/#website"},"primaryImageOfPage":{"@id":"https:\/\/bokhari.no\/en\/dialect\/#primaryimage"},"image":{"@id":"https:\/\/bokhari.no\/en\/dialect\/#primaryimage"},"thumbnailUrl":"https:\/\/bokhari.no\/wp-content\/uploads\/Multi3-1-scaled.jpg","datePublished":"2023-03-30T20:46:00+00:00","dateModified":"2025-05-14T09:46:20+00:00","breadcrumb":{"@id":"https:\/\/bokhari.no\/en\/dialect\/#breadcrumb"},"inLanguage":"en-US","potentialAction":[{"@type":"ReadAction","target":["https:\/\/bokhari.no\/en\/dialect\/"]}]},{"@type":"ImageObject","inLanguage":"en-US","@id":"https:\/\/bokhari.no\/en\/dialect\/#primaryimage","url":"https:\/\/bokhari.no\/wp-content\/uploads\/Multi3-1-scaled.jpg","contentUrl":"https:\/\/bokhari.no\/wp-content\/uploads\/Multi3-1-scaled.jpg","width":1990,"height":2048,"caption":"Hvor - \u00e5\u00e5\u00e5\u00e5mmddHvorfor - om saken eller bildet. Hvem - alle fra venstre."},{"@type":"BreadcrumbList","@id":"https:\/\/bokhari.no\/en\/dialect\/#breadcrumb","itemListElement":[{"@type":"ListItem","position":1,"name":"Hjem","item":"https:\/\/bokhari.no\/en\/"},{"@type":"ListItem","position":2,"name":"Bokhari Dialect"}]},{"@type":"WebSite","@id":"https:\/\/bokhari.no\/#website","url":"https:\/\/bokhari.no\/","name":"Bokhari","description":"","potentialAction":[{"@type":"SearchAction","target":{"@type":"EntryPoint","urlTemplate":"https:\/\/bokhari.no\/?s={search_term_string}"},"query-input":{"@type":"PropertyValueSpecification","valueRequired":true,"valueName":"search_term_string"}}],"inLanguage":"en-US"}]}},"_links":{"self":[{"href":"https:\/\/bokhari.no\/en\/wp-json\/wp\/v2\/pages\/25197","targetHints":{"allow":["GET"]}}],"collection":[{"href":"https:\/\/bokhari.no\/en\/wp-json\/wp\/v2\/pages"}],"about":[{"href":"https:\/\/bokhari.no\/en\/wp-json\/wp\/v2\/types\/page"}],"author":[{"embeddable":true,"href":"https:\/\/bokhari.no\/en\/wp-json\/wp\/v2\/users\/6"}],"replies":[{"embeddable":true,"href":"https:\/\/bokhari.no\/en\/wp-json\/wp\/v2\/comments?post=25197"}],"version-history":[{"count":3,"href":"https:\/\/bokhari.no\/en\/wp-json\/wp\/v2\/pages\/25197\/revisions"}],"predecessor-version":[{"id":26563,"href":"https:\/\/bokhari.no\/en\/wp-json\/wp\/v2\/pages\/25197\/revisions\/26563"}],"wp:featuredmedia":[{"embeddable":true,"href":"https:\/\/bokhari.no\/en\/wp-json\/wp\/v2\/media\/16602"}],"wp:attachment":[{"href":"https:\/\/bokhari.no\/en\/wp-json\/wp\/v2\/media?parent=25197"}],"curies":[{"name":"wp","href":"https:\/\/api.w.org\/{rel}","templated":true}]}}